{"id":58,"date":"2025-03-23T10:01:17","date_gmt":"2025-03-23T10:01:17","guid":{"rendered":"https:\/\/www.frehel.org\/sejourslinguistiques\/?page_id=58"},"modified":"2026-02-07T12:59:39","modified_gmt":"2026-02-07T12:59:39","slug":"mentions-legales","status":"publish","type":"page","link":"https:\/\/www.frehel.org\/sejourslinguistiques\/mentions-legales\/","title":{"rendered":"Mentions l\u00e9gales"},"content":{"rendered":"\n<div style=\"height:100px\" aria-hidden=\"true\" class=\"wp-block-spacer\"><\/div>\n\n\n\n<p><code>Ce site est h\u00e9berg\u00e9 chez : <a href=\"https:\/\/www.o2switch.fr\/\" target=\"_blank\" rel=\"noreferrer noopener\">O2switch<\/a><\/code><\/p>\n\n\n\n<p><code>Responsable \u00e9ditorial :<\/code><\/p>\n\n\n\n<p><code>Chez Vlot Frans<br>H\u00f4tel d'entreprise L\u2019ECHO\u2019Syst\u00e8me<br>2 Rue Jean Jaur\u00e8s Marou\u00e9<br>22400 Lamballe-Armor<\/code><\/p>\n\n\n\n<p><code>SIRET : 88271308400029<\/code><\/p>\n\n\n\n<p><br><code>Donn\u00e9es personnelles<\/code>: <\/p>\n\n\n\n<p><code>Aucune donn\u00e9e vous concernant n'est collect\u00e9e \u00e0 votre insu.<\/code> <code>Les donn\u00e9es conserv\u00e9es par Chez-Vlot Frans sont les donn\u00e9es envoy\u00e9es via le formulaire de contact :<\/code><\/p>\n\n\n\n<ul class=\"wp-block-list\">\n<li><code>ces donn\u00e9es sont enregistr\u00e9es dans un logiciel de messagerie type gmail, avec comme limite d'utilisation le cadre strict de la communication commerciale entre le visiteur du site et l'entreprise organisatrice du s\u00e9jour.<\/code><\/li>\n\n\n\n<li><code>elles ne sont notamment transmises \u00e0 aucun tiers que ce soit .<\/code><\/li>\n\n\n\n<li><code>vous pouvez librement en demander la consultation, modification ou suppression en nous envoyant un simple email, \u00e0 l'adresse mentionn\u00e9e en pied de page du pr\u00e9sent site internet .<\/code><\/li>\n<\/ul>\n","protected":false},"excerpt":{"rendered":"<p>Ce site est h\u00e9berg\u00e9 chez : O2switch Responsable \u00e9ditorial : Chez Vlot FransH\u00f4tel d&rsquo;entreprise L\u2019ECHO\u2019Syst\u00e8me2 Rue Jean Jaur\u00e8s Marou\u00e922400 Lamballe-Armor SIRET : 88271308400029 Donn\u00e9es personnelles: Aucune donn\u00e9e vous concernant n&rsquo;est collect\u00e9e \u00e0 votre insu. Les donn\u00e9es conserv\u00e9es par Chez-Vlot Frans sont les donn\u00e9es envoy\u00e9es via le formulaire de contact :<\/p>\n","protected":false},"author":1,"featured_media":0,"parent":0,"menu_order":0,"comment_status":"closed","ping_status":"closed","template":"","meta":{"footnotes":""},"class_list":["post-58","page","type-page","status-publish"],"yoast_head":"<!-- This site is optimized with the Yoast SEO plugin v25.8 - https:\/\/yoast.com\/wordpress\/plugins\/seo\/ -->\n<title>Mentions l\u00e9gales - Chez-Vlot Frans<\/title>\n<meta name=\"robots\" content=\"index, follow, max-snippet:-1, max-image-preview:large, max-video-preview:-1\" \/>\n<link rel=\"canonical\" href=\"https:\/\/www.frehel.org\/sejourslinguistiques\/mentions-legales\/\" \/>\n<meta property=\"og:locale\" content=\"fr_FR\" \/>\n<meta property=\"og:type\" content=\"article\" \/>\n<meta property=\"og:title\" content=\"Mentions l\u00e9gales - Chez-Vlot Frans\" \/>\n<meta property=\"og:description\" content=\"Ce site est h\u00e9berg\u00e9 chez : O2switch Responsable \u00e9ditorial : Chez Vlot FransH\u00f4tel d&#039;entreprise L\u2019ECHO\u2019Syst\u00e8me2 Rue Jean Jaur\u00e8s Marou\u00e922400 Lamballe-Armor SIRET : 88271308400029 Donn\u00e9es personnelles: Aucune donn\u00e9e vous concernant n&#039;est collect\u00e9e \u00e0 votre insu. Les donn\u00e9es conserv\u00e9es par Chez-Vlot Frans sont les donn\u00e9es envoy\u00e9es via le formulaire de contact :\" \/>\n<meta property=\"og:url\" content=\"https:\/\/www.frehel.org\/sejourslinguistiques\/mentions-legales\/\" \/>\n<meta property=\"og:site_name\" content=\"Chez-Vlot Frans\" \/>\n<meta property=\"article:modified_time\" content=\"2026-02-07T12:59:39+00:00\" \/>\n<meta name=\"twitter:card\" content=\"summary_large_image\" \/>\n<meta name=\"twitter:label1\" content=\"Dur\u00e9e de lecture estim\u00e9e\" \/>\n\t<meta name=\"twitter:data1\" content=\"1 minute\" \/>\n<script type=\"application\/ld+json\" class=\"yoast-schema-graph\">{\"@context\":\"https:\/\/schema.org\",\"@graph\":[{\"@type\":\"WebPage\",\"@id\":\"https:\/\/www.frehel.org\/sejourslinguistiques\/mentions-legales\/\",\"url\":\"https:\/\/www.frehel.org\/sejourslinguistiques\/mentions-legales\/\",\"name\":\"Mentions l\u00e9gales - Chez-Vlot Frans\",\"isPartOf\":{\"@id\":\"https:\/\/www.frehel.org\/sejourslinguistiques\/#website\"},\"datePublished\":\"2025-03-23T10:01:17+00:00\",\"dateModified\":\"2026-02-07T12:59:39+00:00\",\"breadcrumb\":{\"@id\":\"https:\/\/www.frehel.org\/sejourslinguistiques\/mentions-legales\/#breadcrumb\"},\"inLanguage\":\"fr-FR\",\"potentialAction\":[{\"@type\":\"ReadAction\",\"target\":[\"https:\/\/www.frehel.org\/sejourslinguistiques\/mentions-legales\/\"]}]},{\"@type\":\"BreadcrumbList\",\"@id\":\"https:\/\/www.frehel.org\/sejourslinguistiques\/mentions-legales\/#breadcrumb\",\"itemListElement\":[{\"@type\":\"ListItem\",\"position\":1,\"name\":\"Accueil\",\"item\":\"https:\/\/www.frehel.org\/sejourslinguistiques\/\"},{\"@type\":\"ListItem\",\"position\":2,\"name\":\"Mentions l\u00e9gales\"}]},{\"@type\":\"WebSite\",\"@id\":\"https:\/\/www.frehel.org\/sejourslinguistiques\/#website\",\"url\":\"https:\/\/www.frehel.org\/sejourslinguistiques\/\",\"name\":\"Chez-Vlot Frans\",\"description\":\"S\u00e9jours linguistiques immersifs en Bretagne\",\"potentialAction\":[{\"@type\":\"SearchAction\",\"target\":{\"@type\":\"EntryPoint\",\"urlTemplate\":\"https:\/\/www.frehel.org\/sejourslinguistiques\/?s={search_term_string}\"},\"query-input\":{\"@type\":\"PropertyValueSpecification\",\"valueRequired\":true,\"valueName\":\"search_term_string\"}}],\"inLanguage\":\"fr-FR\"}]}<\/script>\n<!-- \/ Yoast SEO plugin. -->","yoast_head_json":{"title":"Mentions l\u00e9gales - Chez-Vlot Frans","robots":{"index":"index","follow":"follow","max-snippet":"max-snippet:-1","max-image-preview":"max-image-preview:large","max-video-preview":"max-video-preview:-1"},"canonical":"https:\/\/www.frehel.org\/sejourslinguistiques\/mentions-legales\/","og_locale":"fr_FR","og_type":"article","og_title":"Mentions l\u00e9gales - Chez-Vlot Frans","og_description":"Ce site est h\u00e9berg\u00e9 chez : O2switch Responsable \u00e9ditorial : Chez Vlot FransH\u00f4tel d'entreprise L\u2019ECHO\u2019Syst\u00e8me2 Rue Jean Jaur\u00e8s Marou\u00e922400 Lamballe-Armor SIRET : 88271308400029 Donn\u00e9es personnelles: Aucune donn\u00e9e vous concernant n'est collect\u00e9e \u00e0 votre insu. Les donn\u00e9es conserv\u00e9es par Chez-Vlot Frans sont les donn\u00e9es envoy\u00e9es via le formulaire de contact :","og_url":"https:\/\/www.frehel.org\/sejourslinguistiques\/mentions-legales\/","og_site_name":"Chez-Vlot Frans","article_modified_time":"2026-02-07T12:59:39+00:00","twitter_card":"summary_large_image","twitter_misc":{"Dur\u00e9e de lecture estim\u00e9e":"1 minute"},"schema":{"@context":"https:\/\/schema.org","@graph":[{"@type":"WebPage","@id":"https:\/\/www.frehel.org\/sejourslinguistiques\/mentions-legales\/","url":"https:\/\/www.frehel.org\/sejourslinguistiques\/mentions-legales\/","name":"Mentions l\u00e9gales - Chez-Vlot Frans","isPartOf":{"@id":"https:\/\/www.frehel.org\/sejourslinguistiques\/#website"},"datePublished":"2025-03-23T10:01:17+00:00","dateModified":"2026-02-07T12:59:39+00:00","breadcrumb":{"@id":"https:\/\/www.frehel.org\/sejourslinguistiques\/mentions-legales\/#breadcrumb"},"inLanguage":"fr-FR","potentialAction":[{"@type":"ReadAction","target":["https:\/\/www.frehel.org\/sejourslinguistiques\/mentions-legales\/"]}]},{"@type":"BreadcrumbList","@id":"https:\/\/www.frehel.org\/sejourslinguistiques\/mentions-legales\/#breadcrumb","itemListElement":[{"@type":"ListItem","position":1,"name":"Accueil","item":"https:\/\/www.frehel.org\/sejourslinguistiques\/"},{"@type":"ListItem","position":2,"name":"Mentions l\u00e9gales"}]},{"@type":"WebSite","@id":"https:\/\/www.frehel.org\/sejourslinguistiques\/#website","url":"https:\/\/www.frehel.org\/sejourslinguistiques\/","name":"Chez-Vlot Frans","description":"S\u00e9jours linguistiques immersifs en Bretagne","potentialAction":[{"@type":"SearchAction","target":{"@type":"EntryPoint","urlTemplate":"https:\/\/www.frehel.org\/sejourslinguistiques\/?s={search_term_string}"},"query-input":{"@type":"PropertyValueSpecification","valueRequired":true,"valueName":"search_term_string"}}],"inLanguage":"fr-FR"}]}},"_links":{"self":[{"href":"https:\/\/www.frehel.org\/sejourslinguistiques\/wp-json\/wp\/v2\/pages\/58","targetHints":{"allow":["GET"]}}],"collection":[{"href":"https:\/\/www.frehel.org\/sejourslinguistiques\/wp-json\/wp\/v2\/pages"}],"about":[{"href":"https:\/\/www.frehel.org\/sejourslinguistiques\/wp-json\/wp\/v2\/types\/page"}],"author":[{"embeddable":true,"href":"https:\/\/www.frehel.org\/sejourslinguistiques\/wp-json\/wp\/v2\/users\/1"}],"replies":[{"embeddable":true,"href":"https:\/\/www.frehel.org\/sejourslinguistiques\/wp-json\/wp\/v2\/comments?post=58"}],"version-history":[{"count":14,"href":"https:\/\/www.frehel.org\/sejourslinguistiques\/wp-json\/wp\/v2\/pages\/58\/revisions"}],"predecessor-version":[{"id":1739,"href":"https:\/\/www.frehel.org\/sejourslinguistiques\/wp-json\/wp\/v2\/pages\/58\/revisions\/1739"}],"wp:attachment":[{"href":"https:\/\/www.frehel.org\/sejourslinguistiques\/wp-json\/wp\/v2\/media?parent=58"}],"curies":[{"name":"wp","href":"https:\/\/api.w.org\/{rel}","templated":true}]}}