{"id":51,"date":"2022-08-08T08:36:36","date_gmt":"2022-08-08T08:36:36","guid":{"rendered":"https:\/\/frehel.org\/?page_id=51"},"modified":"2024-08-05T09:36:49","modified_gmt":"2024-08-05T09:36:49","slug":"location","status":"publish","type":"page","link":"https:\/\/frehel.org\/location","title":{"rendered":"Accueil Location"},"content":{"rendered":"\n<p style=\"text-align:right;vertical-align:middle;\"><img decoding=\"async\" style=\"display:inline-block;vertical-align:middle\" src=\"https:\/\/frehel.org\/wp-content\/uploads\/2022\/08\/reserver-vacances-frehel-22.png\"><span style=\"display:inline-block;width:1.5rem\"><\/span><a id=\"tel\" href=\"tel:+336\"><img decoding=\"async\" style=\"display:inline-block;vertical-align:bottom;width:200px;\" src=\"https:\/\/frehel.org\/wp-content\/uploads\/2022\/08\/contact-.png\" alt=\"\"><\/a><\/p>\n<p style=\"text-align:right;\"><em>ou par email<\/em> : <span style=\"letter-spacing:.2px;color=rgb(245,245,245)\">construireecologique@gmail.com<\/span><\/p>\n\n\n\n<h1 class=\"wp-block-heading\">G\u00eete &#8211; Location de Vacances<\/h1>\n\n\n\n<h2 class=\"wp-block-heading\">Meubl\u00e9 de tourisme class\u00e9 <img decoding=\"async\" style=\"display:inline-block;vertical-align:top;\" src=\"https:\/\/frehel.org\/wp-content\/uploads\/2022\/09\/location-quatre-etoiles-frehel.png\"> au Cap Frehel<\/h2>\n\n\n\n<blockquote class=\"wp-block-quote is-layout-flow wp-block-quote-is-layout-flow\">\n<p><em>Laissez-vous porter par l&rsquo;exp\u00e9rience RoundHouse !<\/em><\/p>\n<\/blockquote>\n\n\n\n<p>Le g\u00eete \u00a0\u00bb La RoundHouse \u00a0\u00bb est une construction atypique et unique, situ\u00e9e sur le site naturel du Cap Fr\u00e9hel, \u00e0 350 m\u00e8tres de la plage. Sa forme est inspir\u00e9e (vue du ciel) de la t\u00eate du guillemot, une esp\u00e8ce d&rsquo;oiseau prot\u00e9g\u00e9e sur notre littoral. Situ\u00e9 dans un parc arbor\u00e9 de 6000m2, le g\u00eete se veut respectueux de l&rsquo;environnement, la construction est faite de mat\u00e9riaux \u00e0 faible impact (li\u00e8ge, pierre-ponce, bois et pierre) et couverte par une toiture v\u00e9g\u00e9talis\u00e9e d&rsquo;envergure.<\/p>\n<p>De nombreux objets et \u00e9quipements du g\u00eete ont \u00e9t\u00e9 fa\u00e7onn\u00e9s par son concepteur.. Chacun est unique et riche d&rsquo;une histoire particuli\u00e8re.<\/p>\n<blockquote>\n<p>La RoundHouse a \u00e9t\u00e9 pens\u00e9e pour un s\u00e9jour r\u00e9solument ax\u00e9 sur le bien-\u00eatre.<\/p>\n<\/blockquote>\n<p>Sur place, votre trouverez ainsi \u00e0 votre enti\u00e8re disposition :<\/p>\n<ul>\n<li>la cuisine et son \u00eelot central sculpt\u00e9 dans le tronc d&rsquo;un ch\u00eane vieux de 600 ans,<\/li>\n<li>un spa,<\/li>\n<li>des syst\u00e8mes de son,<\/li>\n<li>une cuisine ext\u00e9rieure,<\/li>\n<li>deux salles d&rsquo;eau,<\/li>\n<li>la tireuse \u00e0 bi\u00e8re en service sur demande avec une bi\u00e8re pression bio locale..<\/li>\n<\/ul>\n<p style=\"text-align: left;\">&#8230; ainsi que bien d&rsquo;autres surprises qui feront de votre s\u00e9jour un moment inoubliable !<\/p>\n\n\n\n<div style=\"height:20px\" aria-hidden=\"true\" class=\"wp-block-spacer\"><\/div>\n\n\n\n<h3 class=\"gb-headline gb-headline-0296a137 gb-headline-text\">Galerie Photo<\/h3>\n\n\n\n<figure class=\"wp-block-image size-large\"><a href=\"https:\/\/frehel.org\/location\/photos-location\"><img decoding=\"async\" src=\"https:\/\/frehel.org\/wp-content\/uploads\/2022\/08\/roundhouse-album-photos.webp\" alt=\"\"\/><\/a><\/figure>\n\n\n\n<div style=\"height:60px\" aria-hidden=\"true\" class=\"wp-block-spacer\"><\/div>\n\n\n\n<h3 class=\"wp-block-heading has-text-align-center\"><strong>R\u00e9server<\/strong> votre s\u00e9jour<\/h3>\n\n\n<div class=\"gb-container gb-container-4ce9dbbf\"><div class=\"gb-inside-container\"><\/div><\/div>\n\n\n<div class=\"wp-block-columns is-layout-flex wp-container-core-columns-is-layout-1 wp-block-columns-is-layout-flex\">\n<div class=\"wp-block-column is-vertically-aligned-center is-layout-flow wp-block-column-is-layout-flow\">\n<blockquote class=\"wp-block-quote is-layout-flow wp-block-quote-is-layout-flow\">\n<p class=\"has-text-align-center\">En 2024, la Roundhouse a \u00e9t\u00e9 \u00e9lue <br>\u00a0\u00bb Coup de Coeur des voyageurs \u00a0\u00bb !<br><em>Un grand merci \u00e0 tous pour vos retours !<\/em><\/p>\n<\/blockquote>\n\n\n\n<p class=\"has-text-align-center\">Cliquez sur le lien suivant pour r\u00e9server votre s\u00e9jour :<\/p>\n<\/div>\n\n\n\n<div class=\"wp-block-column is-vertically-aligned-center is-layout-flow wp-block-column-is-layout-flow\"><div class=\"wp-block-image\">\n<figure class=\"aligncenter size-large is-resized\"><a href=\"https:\/\/airbnb.com\/h\/roundhousefrehel\" target=\"_blank\" rel=\"noopener\"><img loading=\"lazy\" decoding=\"async\" width=\"150\" height=\"150\" src=\"https:\/\/frehel.org\/wp-content\/uploads\/airbnb-logo-png-150x150.png\" alt=\"airbnb-logo-png\" class=\"wp-image-1341\" style=\"width:94px;height:auto\" srcset=\"https:\/\/frehel.org\/wp-content\/uploads\/airbnb-logo-png-150x150.png 150w, https:\/\/frehel.org\/wp-content\/uploads\/airbnb-logo-png-300x300.png 300w, https:\/\/frehel.org\/wp-content\/uploads\/airbnb-logo-png-1024x1024.png 1024w, https:\/\/frehel.org\/wp-content\/uploads\/airbnb-logo-png-768x768.png 768w, https:\/\/frehel.org\/wp-content\/uploads\/airbnb-logo-png.png 1101w\" sizes=\"auto, (max-width: 150px) 100vw, 150px\" \/><\/a><\/figure><\/div>\n\n\n<p><\/p>\n\n\n<div class=\"wp-block-image\">\n<figure class=\"aligncenter size-full\"><a href=\"https:\/\/airbnb.com\/h\/roundhousefrehel\" target=\"_blank\" rel=\"noopener\"><img loading=\"lazy\" decoding=\"async\" width=\"649\" height=\"85\" src=\"https:\/\/frehel.org\/wp-content\/uploads\/avis-locataires.png\" alt=\"avis-locataires\" class=\"wp-image-1342\" srcset=\"https:\/\/frehel.org\/wp-content\/uploads\/avis-locataires.png 649w, https:\/\/frehel.org\/wp-content\/uploads\/avis-locataires-300x39.png 300w, https:\/\/frehel.org\/wp-content\/uploads\/avis-locataires-150x20.png 150w\" sizes=\"auto, (max-width: 649px) 100vw, 649px\" \/><\/a><\/figure><\/div>\n\n\n<p><\/p>\n\n\n\n<p><\/p>\n\n\n\n<p class=\"has-text-align-center\"><strong><a href=\"https:\/\/airbnb.com\/h\/roundhousefrehel\" target=\"_blank\" rel=\"noreferrer noopener\">R\u00e9servez en direct sur AirBnb<\/a><\/strong><\/p>\n<\/div>\n<\/div>\n\n\n\n<div style=\"height:60px\" aria-hidden=\"true\" class=\"wp-block-spacer\"><\/div>\n\n\n\n<div class=\"wp-block-columns is-layout-flex wp-container-core-columns-is-layout-2 wp-block-columns-is-layout-flex\">\n<div class=\"wp-block-column is-layout-flow wp-block-column-is-layout-flow\">\n<h3 class=\"gb-headline gb-headline-0bf8d761 gb-headline-text\">Le Guide du g\u00eete<\/h3>\n\n\n<div class=\"wp-block-image\">\n<figure class=\"aligncenter size-full\"><a href=\"https:\/\/frehel.org\/wp-content\/uploads\/2022\/08\/USER-GUIDE-ROUND-HOUSE.pdf\" target=\"_blank\" rel=\"noreferrer noopener\"><img loading=\"lazy\" decoding=\"async\" width=\"225\" height=\"318\" src=\"https:\/\/frehel.org\/wp-content\/uploads\/2022\/08\/roundhouse-guide-locataires.png\" alt=\"\" class=\"wp-image-656\" srcset=\"https:\/\/frehel.org\/wp-content\/uploads\/2022\/08\/roundhouse-guide-locataires.png 225w, https:\/\/frehel.org\/wp-content\/uploads\/2022\/08\/roundhouse-guide-locataires-212x300.png 212w\" sizes=\"auto, (max-width: 225px) 100vw, 225px\" \/><\/a><figcaption class=\"wp-element-caption\"><a href=\"https:\/\/frehel.org\/wp-content\/uploads\/2022\/08\/USER-GUIDE-ROUND-HOUSE.pdf\" data-type=\"attachment\" data-id=\"602\">ROUND HOUSE<\/a><br><a href=\"https:\/\/frehel.org\/wp-content\/uploads\/2022\/08\/USER-GUIDE-ROUND-HOUSE.pdf\">USER GUIDE<\/a><\/figcaption><\/figure><\/div><\/div>\n\n\n\n<div class=\"wp-block-column is-layout-flow wp-block-column-is-layout-flow\">\n<h3 class=\"gb-headline gb-headline-24cfce4d gb-headline-text\"><strong>Le Guide des <\/strong><br><strong>sorties<\/strong><\/h3>\n\n\n\n<p class=\"has-text-align-center\">Consultez nos suggestions d&rsquo;adresses :<\/p>\n\n\n<div class=\"wp-block-image is-style-default\">\n<figure class=\"aligncenter size-thumbnail is-resized\"><a href=\"https:\/\/frehel.org\/wp-content\/uploads\/Guide_des_sorties.pdf\" target=\"_blank\" rel=\"noreferrer noopener\"><img loading=\"lazy\" decoding=\"async\" width=\"150\" height=\"100\" src=\"https:\/\/frehel.org\/wp-content\/uploads\/French-flag-150x100.png\" alt=\"Guide des sorties - fran\u00e7ais\" class=\"wp-image-1179\" style=\"width:75px;height:50px\" srcset=\"https:\/\/frehel.org\/wp-content\/uploads\/French-flag-150x100.png 150w, https:\/\/frehel.org\/wp-content\/uploads\/French-flag-300x200.png 300w, https:\/\/frehel.org\/wp-content\/uploads\/French-flag.png 338w\" sizes=\"auto, (max-width: 150px) 100vw, 150px\" \/><\/a><figcaption class=\"wp-element-caption\">Version fran\u00e7aise<\/figcaption><\/figure><\/div>\n\n<div class=\"wp-block-image\">\n<figure class=\"aligncenter size-thumbnail is-resized\"><a href=\"https:\/\/frehel.org\/wp-content\/uploads\/Guide_des_sorties-english.pdf\" target=\"_blank\" rel=\"noreferrer noopener\"><img loading=\"lazy\" decoding=\"async\" width=\"150\" height=\"90\" src=\"https:\/\/frehel.org\/wp-content\/uploads\/England-flag-150x90.png\" alt=\"England-flag\" class=\"wp-image-1180\" style=\"width:75px;height:45px\" srcset=\"https:\/\/frehel.org\/wp-content\/uploads\/England-flag-150x90.png 150w, https:\/\/frehel.org\/wp-content\/uploads\/England-flag-300x180.png 300w, https:\/\/frehel.org\/wp-content\/uploads\/England-flag.png 338w\" sizes=\"auto, (max-width: 150px) 100vw, 150px\" \/><\/a><figcaption class=\"wp-element-caption\">Version anglaise<\/figcaption><\/figure><\/div>\n\n<div class=\"wp-block-image\">\n<figure class=\"aligncenter size-thumbnail is-resized\"><a href=\"https:\/\/frehel.org\/wp-content\/uploads\/Guide_des_sorties-deutsch.pdf\" target=\"_blank\" rel=\"noreferrer noopener\"><img loading=\"lazy\" decoding=\"async\" width=\"150\" height=\"90\" src=\"https:\/\/frehel.org\/wp-content\/uploads\/German-flag-150x90.png\" alt=\"German-flag\" class=\"wp-image-1181\" style=\"width:75px;height:45px\" srcset=\"https:\/\/frehel.org\/wp-content\/uploads\/German-flag-150x90.png 150w, https:\/\/frehel.org\/wp-content\/uploads\/German-flag-300x180.png 300w, https:\/\/frehel.org\/wp-content\/uploads\/German-flag.png 338w\" sizes=\"auto, (max-width: 150px) 100vw, 150px\" \/><\/a><figcaption class=\"wp-element-caption\">Version allemande<\/figcaption><\/figure><\/div><\/div>\n\n\n\n<div class=\"wp-block-column is-layout-flow wp-block-column-is-layout-flow\">\n<h3 class=\"gb-headline gb-headline-654fb938 gb-headline-text\"><strong>Le Flyer du g\u00eete<\/strong><\/h3>\n\n\n\n<figure class=\"gb-block-image gb-block-image-9acfb5bd\"><a href=\"https:\/\/frehel.org\/wp-content\/uploads\/2022\/08\/Flyer-Roundhouse-Frehel.pdf\" target=\"_blank\" rel=\"noopener noreferrer\"><img decoding=\"async\" loading=\"lazy\" width=\"225\" height=\"411\" class=\"gb-image gb-image-9acfb5bd\" src=\"https:\/\/frehel.org\/wp-content\/uploads\/2022\/08\/flyer-vacanciers.png\" alt=\"\" title=\"flyer-vacanciers\" srcset=\"https:\/\/frehel.org\/wp-content\/uploads\/2022\/08\/flyer-vacanciers.png 225w, https:\/\/frehel.org\/wp-content\/uploads\/2022\/08\/flyer-vacanciers-164x300.png 164w\" sizes=\"auto, (max-width: 225px) 100vw, 225px\" \/><\/a><\/figure>\n<\/div>\n<\/div>\n","protected":false},"excerpt":{"rendered":"<p>ou par email : construireecologique@gmail.com G\u00eete &#8211; Location de Vacances Meubl\u00e9 de tourisme class\u00e9 au Cap Frehel Laissez-vous porter par l&rsquo;exp\u00e9rience RoundHouse ! Le g\u00eete \u00a0\u00bb La RoundHouse \u00a0\u00bb est une construction atypique et unique, situ\u00e9e sur le site naturel du Cap Fr\u00e9hel, \u00e0 350 m\u00e8tres de la plage. Sa forme est inspir\u00e9e (vue du &#8230; <a title=\"Accueil Location\" class=\"read-more\" href=\"https:\/\/frehel.org\/location\" aria-label=\"En savoir plus sur Accueil Location\">Lire la suite<\/a><\/p>\n","protected":false},"author":1,"featured_media":1340,"parent":0,"menu_order":0,"comment_status":"closed","ping_status":"closed","template":"","meta":{"footnotes":""},"class_list":["post-51","page","type-page","status-publish","has-post-thumbnail"],"_links":{"self":[{"href":"https:\/\/frehel.org\/wp-json\/wp\/v2\/pages\/51","targetHints":{"allow":["GET"]}}],"collection":[{"href":"https:\/\/frehel.org\/wp-json\/wp\/v2\/pages"}],"about":[{"href":"https:\/\/frehel.org\/wp-json\/wp\/v2\/types\/page"}],"author":[{"embeddable":true,"href":"https:\/\/frehel.org\/wp-json\/wp\/v2\/users\/1"}],"replies":[{"embeddable":true,"href":"https:\/\/frehel.org\/wp-json\/wp\/v2\/comments?post=51"}],"version-history":[{"count":119,"href":"https:\/\/frehel.org\/wp-json\/wp\/v2\/pages\/51\/revisions"}],"predecessor-version":[{"id":1376,"href":"https:\/\/frehel.org\/wp-json\/wp\/v2\/pages\/51\/revisions\/1376"}],"wp:featuredmedia":[{"embeddable":true,"href":"https:\/\/frehel.org\/wp-json\/wp\/v2\/media\/1340"}],"wp:attachment":[{"href":"https:\/\/frehel.org\/wp-json\/wp\/v2\/media?parent=51"}],"curies":[{"name":"wp","href":"https:\/\/api.w.org\/{rel}","templated":true}]}}