{"id":280,"date":"2022-04-10T16:26:13","date_gmt":"2022-04-10T16:26:13","guid":{"rendered":"https:\/\/frehel.org\/?page_id=280"},"modified":"2022-05-08T14:30:29","modified_gmt":"2022-05-08T14:30:29","slug":"rgpd","status":"publish","type":"page","link":"https:\/\/frehel.org\/rgpd","title":{"rendered":"RGPD"},"content":{"rendered":"\n<h2 class=\"wp-block-heading\">Politique de cookies et collecte de donn\u00e9es personnelles<\/h2>\n\n\n\n<p><strong>Ce site n&rsquo;utilise aucun tracker \u00e0 vis\u00e9e commerciale, et ne collecte aucune donn\u00e9e nominative \u00e0 votre insu.<\/strong><\/p>\n\n\n\n<p>Des statitistiques de visite sont r\u00e9alis\u00e9e de fa\u00e7on anonyme ( donc avec adresse IP non enregistr\u00e9e ) via le plugin Statify, conforme \u00e0 100% RGPD ( plus d&rsquo;infos en suivant <a rel=\"noreferrer noopener\" href=\"https:\/\/statify.pluginkollektiv.org\/documentation\/privacy\/\" target=\"_blank\">ce lien<\/a> ), dans l&rsquo;unique but de savoir si notre site est visit\u00e9 ou non.<\/p>\n\n\n\n<p>Les emails des visiteurs sont collect\u00e9s exclusivement pour la Newsletter, via le formulaire d\u00e9di\u00e9 situ\u00e9 sur l&rsquo;espace \u00e0 acc\u00e8s r\u00e9serv\u00e9 du site. L&rsquo;enregistrement de ces emails est assur\u00e9 par la soci\u00e9t\u00e9 fran\u00e7aise Sendinblue qui assure, en conformit\u00e9 avec la r\u00e9glementation RGPD, leur s\u00e9curisation ainsi que la gestion automatique de la d\u00e9sinscription en joignant un lien appropri\u00e9 \u00e0 tout envoi d&#8217;email.<br>Les emails collect\u00e9s pour cette Newsletter ne font en outre l&rsquo;objet d&rsquo;aucun traitement automatique, ne seront jamais diffus\u00e9s \u00e0 des tiers, ne sont pas dupliqu\u00e9s sur aucun syst\u00e8me tiers, et leur usage reste r\u00e9serv\u00e9 au seul envoi de la Newsletter du pr\u00e9sent site.<br>Pour plus d&rsquo;informations, suivre <a rel=\"noreferrer noopener\" href=\"https:\/\/fr.sendinblue.com\/rgpd\/\" target=\"_blank\">ce lien<\/a>.<\/p>\n\n\n\n<p><br><\/p>\n","protected":false},"excerpt":{"rendered":"<p>Politique de cookies et collecte de donn\u00e9es personnelles Ce site n&rsquo;utilise aucun tracker \u00e0 vis\u00e9e commerciale, et ne collecte aucune donn\u00e9e nominative \u00e0 votre insu. Des statitistiques de visite sont r\u00e9alis\u00e9e de fa\u00e7on anonyme ( donc avec adresse IP non enregistr\u00e9e ) via le plugin Statify, conforme \u00e0 100% RGPD ( plus d&rsquo;infos en suivant &#8230; <a title=\"RGPD\" class=\"read-more\" href=\"https:\/\/frehel.org\/rgpd\" aria-label=\"En savoir plus sur RGPD\">Lire la suite<\/a><\/p>\n","protected":false},"author":1,"featured_media":0,"parent":0,"menu_order":0,"comment_status":"closed","ping_status":"closed","template":"","meta":{"footnotes":""},"class_list":["post-280","page","type-page","status-publish"],"_links":{"self":[{"href":"https:\/\/frehel.org\/wp-json\/wp\/v2\/pages\/280","targetHints":{"allow":["GET"]}}],"collection":[{"href":"https:\/\/frehel.org\/wp-json\/wp\/v2\/pages"}],"about":[{"href":"https:\/\/frehel.org\/wp-json\/wp\/v2\/types\/page"}],"author":[{"embeddable":true,"href":"https:\/\/frehel.org\/wp-json\/wp\/v2\/users\/1"}],"replies":[{"embeddable":true,"href":"https:\/\/frehel.org\/wp-json\/wp\/v2\/comments?post=280"}],"version-history":[{"count":6,"href":"https:\/\/frehel.org\/wp-json\/wp\/v2\/pages\/280\/revisions"}],"predecessor-version":[{"id":405,"href":"https:\/\/frehel.org\/wp-json\/wp\/v2\/pages\/280\/revisions\/405"}],"wp:attachment":[{"href":"https:\/\/frehel.org\/wp-json\/wp\/v2\/media?parent=280"}],"curies":[{"name":"wp","href":"https:\/\/api.w.org\/{rel}","templated":true}]}}