{"id":239,"date":"2022-04-10T15:30:24","date_gmt":"2022-04-10T15:30:24","guid":{"rendered":"https:\/\/frehel.org\/?page_id=239"},"modified":"2022-04-11T13:29:38","modified_gmt":"2022-04-11T13:29:38","slug":"mentions-legales","status":"publish","type":"page","link":"https:\/\/frehel.org\/mentions-legales","title":{"rendered":"Mentions l\u00e9gales"},"content":{"rendered":"\n<p>Ce site est h\u00e9berg\u00e9 par :<\/p>\n\n\n\n<p>IONOS SARL<br>SIREN 431303775<br>Si\u00e8ge : SARREGUEMINES (57200)<\/p>\n\n\n\n<p>Responsable \u00e9ditorial : M. Laurent Le Fur<br>Coordonn\u00e9es : via page contact.<\/p>\n\n\n\n<h3 class=\"wp-block-heading\"> SIRET <\/h3>\n\n\n\n<p>419 529 193 00031<\/p>\n\n\n\n<h3 class=\"wp-block-heading\">Autorisation d\u2019exploitation<\/h3>\n\n\n\n<h4 class=\"wp-block-heading\"><strong>Licence d\u2019entrepreneur de tourn\u00e9es et de spectacles<\/strong><\/h4>\n\n\n\n<p><strong>Arr\u00eat\u00e9 du 12 juin 2013<\/strong><\/p>\n\n\n\n<p>Licence I &nbsp;&nbsp; 1-10 65 604 Exploitant de lieux de spectacles am\u00e9nag\u00e9s pour les repr\u00e9sentations publiques<br>Licence II &nbsp; 2-10 65 605 Producteur de spectacles ou entrepreneur de tourn\u00e9es ou festivals<br>Licence III&nbsp; 3-1065 606 Diffuseur de spectacles<\/p>\n","protected":false},"excerpt":{"rendered":"<p>Ce site est h\u00e9berg\u00e9 par : IONOS SARLSIREN 431303775Si\u00e8ge : SARREGUEMINES (57200) Responsable \u00e9ditorial : M. Laurent Le FurCoordonn\u00e9es : via page contact. SIRET 419 529 193 00031 Autorisation d\u2019exploitation Licence d\u2019entrepreneur de tourn\u00e9es et de spectacles Arr\u00eat\u00e9 du 12 juin 2013 Licence I &nbsp;&nbsp; 1-10 65 604 Exploitant de lieux de spectacles am\u00e9nag\u00e9s pour &#8230; <a title=\"Mentions l\u00e9gales\" class=\"read-more\" href=\"https:\/\/frehel.org\/mentions-legales\" aria-label=\"En savoir plus sur Mentions l\u00e9gales\">Lire la suite<\/a><\/p>\n","protected":false},"author":1,"featured_media":0,"parent":0,"menu_order":0,"comment_status":"closed","ping_status":"closed","template":"","meta":{"footnotes":""},"class_list":["post-239","page","type-page","status-publish"],"_links":{"self":[{"href":"https:\/\/frehel.org\/wp-json\/wp\/v2\/pages\/239","targetHints":{"allow":["GET"]}}],"collection":[{"href":"https:\/\/frehel.org\/wp-json\/wp\/v2\/pages"}],"about":[{"href":"https:\/\/frehel.org\/wp-json\/wp\/v2\/types\/page"}],"author":[{"embeddable":true,"href":"https:\/\/frehel.org\/wp-json\/wp\/v2\/users\/1"}],"replies":[{"embeddable":true,"href":"https:\/\/frehel.org\/wp-json\/wp\/v2\/comments?post=239"}],"version-history":[{"count":5,"href":"https:\/\/frehel.org\/wp-json\/wp\/v2\/pages\/239\/revisions"}],"predecessor-version":[{"id":310,"href":"https:\/\/frehel.org\/wp-json\/wp\/v2\/pages\/239\/revisions\/310"}],"wp:attachment":[{"href":"https:\/\/frehel.org\/wp-json\/wp\/v2\/media?parent=239"}],"curies":[{"name":"wp","href":"https:\/\/api.w.org\/{rel}","templated":true}]}}